{"id":10,"date":"2023-09-27T16:07:31","date_gmt":"2023-09-27T19:07:31","guid":{"rendered":"https:\/\/libelulalivros.com.br\/?page_id=10"},"modified":"2023-09-27T16:59:14","modified_gmt":"2023-09-27T19:59:14","slug":"sobre","status":"publish","type":"page","link":"https:\/\/libelulalivros.com.br\/","title":{"rendered":"Sobre a editora"},"content":{"rendered":"\n<figure class=\"wp-block-image size-full is-resized\"><img decoding=\"async\" src=\"http:\/\/libelulalivros.com.br\/wp-content\/uploads\/2023\/09\/logolibelula.png\" alt=\"\" class=\"wp-image-6\" style=\"width:300px\" width=\"300\" srcset=\"https:\/\/libelulalivros.com.br\/wp-content\/uploads\/2023\/09\/logolibelula.png 594w, https:\/\/libelulalivros.com.br\/wp-content\/uploads\/2023\/09\/logolibelula-300x207.png 300w\" sizes=\"(max-width: 594px) 100vw, 594px\" \/><\/figure>\n\n\n\n<p>A Lib\u00e9lula \u00e9 uma editora independente, situada em Lajeado, Vale do Taquari, que atua no mercado editorial, apresentando ao p\u00fablico t\u00edtulos de autores novos e tamb\u00e9m independentes. Desde 2018, lan\u00e7ou dez livros, apresentando diversidade em seus t\u00edtulos, que v\u00e3o desde biografias, regionalistas, infantis, colet\u00e2neas e romances.<\/p>\n\n\n\n<p>Dentre os servi\u00e7os prestados pela Lib\u00e9lula est\u00e3o leitura cr\u00edtica, edi\u00e7\u00e3o, revis\u00e3o, mentoria, projeto gr\u00e1fico e diagrama\u00e7\u00e3o de livros.<\/p>\n","protected":false},"excerpt":{"rendered":"<p>A Lib\u00e9lula \u00e9 uma editora independente, situada em Lajeado, Vale do Taquari, que atua no mercado editorial, apresentando ao p\u00fablico t\u00edtulos de autores novos e tamb\u00e9m independentes. Desde 2018, lan\u00e7ou dez livros, apresentando diversidade em seus t\u00edtulos, que v\u00e3o desde biografias, regionalistas, infantis, colet\u00e2neas e romances. Dentre os servi\u00e7os prestados pela Lib\u00e9lula est\u00e3o leitura cr\u00edtica,&hellip; <a class=\"more-link\" href=\"https:\/\/libelulalivros.com.br\/\">Continuar lendo <span class=\"screen-reader-text\">Sobre a editora<\/span><\/a><\/p>\n","protected":false},"author":1,"featured_media":0,"parent":0,"menu_order":0,"comment_status":"closed","ping_status":"closed","template":"","meta":{"footnotes":""},"class_list":["post-10","page","type-page","status-publish","hentry","entry"],"yoast_head":"<!-- This site is optimized with the Yoast SEO plugin v27.5 - https:\/\/yoast.com\/product\/yoast-seo-wordpress\/ -->\n<title>Sobre a editora - In\u00edcio<\/title>\n<meta name=\"description\" content=\"A Lib\u00e9lula \u00e9 uma editora independente, situada em Lajeado, Vale do Taquari, que atua no mercado editorial, apresentando ao p\u00fablico t\u00edtulos de autores novos e tamb\u00e9m independentes. Desde 2018, lan\u00e7ou dez livros, apresentando diversidade em seus t\u00edtulos, que v\u00e3o desde biografias, regionalistas, infantis, colet\u00e2neas e romances.\" \/>\n<meta name=\"robots\" content=\"index, follow, max-snippet:-1, max-image-preview:large, max-video-preview:-1\" \/>\n<link rel=\"canonical\" href=\"https:\/\/libelulalivros.com.br\/\" \/>\n<meta property=\"og:locale\" content=\"pt_BR\" \/>\n<meta property=\"og:type\" content=\"article\" \/>\n<meta property=\"og:title\" content=\"Sobre a editora - In\u00edcio\" \/>\n<meta property=\"og:description\" content=\"A Lib\u00e9lula \u00e9 uma editora independente, situada em Lajeado, Vale do Taquari, que atua no mercado editorial, apresentando ao p\u00fablico t\u00edtulos de autores novos e tamb\u00e9m independentes. Desde 2018, lan\u00e7ou dez livros, apresentando diversidade em seus t\u00edtulos, que v\u00e3o desde biografias, regionalistas, infantis, colet\u00e2neas e romances.\" \/>\n<meta property=\"og:url\" content=\"https:\/\/libelulalivros.com.br\/\" \/>\n<meta property=\"og:site_name\" content=\"In\u00edcio\" \/>\n<meta property=\"article:publisher\" content=\"https:\/\/www.facebook.com\/libelulaeditorial\" \/>\n<meta property=\"article:modified_time\" content=\"2023-09-27T19:59:14+00:00\" \/>\n<meta property=\"og:image\" content=\"http:\/\/libelulalivros.com.br\/wp-content\/uploads\/2023\/09\/logolibelula.png\" \/>\n<meta name=\"twitter:card\" content=\"summary_large_image\" \/>\n<meta name=\"twitter:label1\" content=\"Est. tempo de leitura\" \/>\n\t<meta name=\"twitter:data1\" content=\"1 minuto\" \/>\n<script type=\"application\/ld+json\" class=\"yoast-schema-graph\">{\"@context\":\"https:\\\/\\\/schema.org\",\"@graph\":[{\"@type\":\"WebPage\",\"@id\":\"https:\\\/\\\/libelulalivros.com.br\\\/\",\"url\":\"https:\\\/\\\/libelulalivros.com.br\\\/\",\"name\":\"Sobre a editora - In\u00edcio\",\"isPartOf\":{\"@id\":\"https:\\\/\\\/libelulalivros.com.br\\\/#website\"},\"primaryImageOfPage\":{\"@id\":\"https:\\\/\\\/libelulalivros.com.br\\\/#primaryimage\"},\"image\":{\"@id\":\"https:\\\/\\\/libelulalivros.com.br\\\/#primaryimage\"},\"thumbnailUrl\":\"http:\\\/\\\/libelulalivros.com.br\\\/wp-content\\\/uploads\\\/2023\\\/09\\\/logolibelula.png\",\"datePublished\":\"2023-09-27T19:07:31+00:00\",\"dateModified\":\"2023-09-27T19:59:14+00:00\",\"description\":\"A Lib\u00e9lula \u00e9 uma editora independente, situada em Lajeado, Vale do Taquari, que atua no mercado editorial, apresentando ao p\u00fablico t\u00edtulos de autores novos e tamb\u00e9m independentes. Desde 2018, lan\u00e7ou dez livros, apresentando diversidade em seus t\u00edtulos, que v\u00e3o desde biografias, regionalistas, infantis, colet\u00e2neas e romances.\",\"breadcrumb\":{\"@id\":\"https:\\\/\\\/libelulalivros.com.br\\\/#breadcrumb\"},\"inLanguage\":\"pt-BR\",\"potentialAction\":[{\"@type\":\"ReadAction\",\"target\":[\"https:\\\/\\\/libelulalivros.com.br\\\/\"]}]},{\"@type\":\"ImageObject\",\"inLanguage\":\"pt-BR\",\"@id\":\"https:\\\/\\\/libelulalivros.com.br\\\/#primaryimage\",\"url\":\"http:\\\/\\\/libelulalivros.com.br\\\/wp-content\\\/uploads\\\/2023\\\/09\\\/logolibelula.png\",\"contentUrl\":\"http:\\\/\\\/libelulalivros.com.br\\\/wp-content\\\/uploads\\\/2023\\\/09\\\/logolibelula.png\"},{\"@type\":\"BreadcrumbList\",\"@id\":\"https:\\\/\\\/libelulalivros.com.br\\\/#breadcrumb\",\"itemListElement\":[{\"@type\":\"ListItem\",\"position\":1,\"name\":\"In\u00edcio\",\"item\":\"https:\\\/\\\/libelulalivros.com.br\\\/\"},{\"@type\":\"ListItem\",\"position\":2,\"name\":\"Sobre a editora\"}]},{\"@type\":\"WebSite\",\"@id\":\"https:\\\/\\\/libelulalivros.com.br\\\/#website\",\"url\":\"https:\\\/\\\/libelulalivros.com.br\\\/\",\"name\":\"Lib\u00e9lula Editora\",\"description\":\"Editora independente sediada em Lajeado, RS.\",\"publisher\":{\"@id\":\"https:\\\/\\\/libelulalivros.com.br\\\/#organization\"},\"potentialAction\":[{\"@type\":\"SearchAction\",\"target\":{\"@type\":\"EntryPoint\",\"urlTemplate\":\"https:\\\/\\\/libelulalivros.com.br\\\/?s={search_term_string}\"},\"query-input\":{\"@type\":\"PropertyValueSpecification\",\"valueRequired\":true,\"valueName\":\"search_term_string\"}}],\"inLanguage\":\"pt-BR\"},{\"@type\":\"Organization\",\"@id\":\"https:\\\/\\\/libelulalivros.com.br\\\/#organization\",\"name\":\"Lib\u00e9lula Editora\",\"url\":\"https:\\\/\\\/libelulalivros.com.br\\\/\",\"logo\":{\"@type\":\"ImageObject\",\"inLanguage\":\"pt-BR\",\"@id\":\"https:\\\/\\\/libelulalivros.com.br\\\/#\\\/schema\\\/logo\\\/image\\\/\",\"url\":\"https:\\\/\\\/libelulalivros.com.br\\\/wp-content\\\/uploads\\\/2023\\\/09\\\/logolibelula.png\",\"contentUrl\":\"https:\\\/\\\/libelulalivros.com.br\\\/wp-content\\\/uploads\\\/2023\\\/09\\\/logolibelula.png\",\"width\":594,\"height\":410,\"caption\":\"Lib\u00e9lula Editora\"},\"image\":{\"@id\":\"https:\\\/\\\/libelulalivros.com.br\\\/#\\\/schema\\\/logo\\\/image\\\/\"},\"sameAs\":[\"https:\\\/\\\/www.facebook.com\\\/libelulaeditorial\",\"https:\\\/\\\/www.instagram.com\\\/libelulalivros\\\/\"]}]}<\/script>\n<!-- \/ Yoast SEO plugin. -->","yoast_head_json":{"title":"Sobre a editora - In\u00edcio","description":"A Lib\u00e9lula \u00e9 uma editora independente, situada em Lajeado, Vale do Taquari, que atua no mercado editorial, apresentando ao p\u00fablico t\u00edtulos de autores novos e tamb\u00e9m independentes. Desde 2018, lan\u00e7ou dez livros, apresentando diversidade em seus t\u00edtulos, que v\u00e3o desde biografias, regionalistas, infantis, colet\u00e2neas e romances.","robots":{"index":"index","follow":"follow","max-snippet":"max-snippet:-1","max-image-preview":"max-image-preview:large","max-video-preview":"max-video-preview:-1"},"canonical":"https:\/\/libelulalivros.com.br\/","og_locale":"pt_BR","og_type":"article","og_title":"Sobre a editora - In\u00edcio","og_description":"A Lib\u00e9lula \u00e9 uma editora independente, situada em Lajeado, Vale do Taquari, que atua no mercado editorial, apresentando ao p\u00fablico t\u00edtulos de autores novos e tamb\u00e9m independentes. Desde 2018, lan\u00e7ou dez livros, apresentando diversidade em seus t\u00edtulos, que v\u00e3o desde biografias, regionalistas, infantis, colet\u00e2neas e romances.","og_url":"https:\/\/libelulalivros.com.br\/","og_site_name":"In\u00edcio","article_publisher":"https:\/\/www.facebook.com\/libelulaeditorial","article_modified_time":"2023-09-27T19:59:14+00:00","og_image":[{"url":"http:\/\/libelulalivros.com.br\/wp-content\/uploads\/2023\/09\/logolibelula.png","type":"","width":"","height":""}],"twitter_card":"summary_large_image","twitter_misc":{"Est. tempo de leitura":"1 minuto"},"schema":{"@context":"https:\/\/schema.org","@graph":[{"@type":"WebPage","@id":"https:\/\/libelulalivros.com.br\/","url":"https:\/\/libelulalivros.com.br\/","name":"Sobre a editora - In\u00edcio","isPartOf":{"@id":"https:\/\/libelulalivros.com.br\/#website"},"primaryImageOfPage":{"@id":"https:\/\/libelulalivros.com.br\/#primaryimage"},"image":{"@id":"https:\/\/libelulalivros.com.br\/#primaryimage"},"thumbnailUrl":"http:\/\/libelulalivros.com.br\/wp-content\/uploads\/2023\/09\/logolibelula.png","datePublished":"2023-09-27T19:07:31+00:00","dateModified":"2023-09-27T19:59:14+00:00","description":"A Lib\u00e9lula \u00e9 uma editora independente, situada em Lajeado, Vale do Taquari, que atua no mercado editorial, apresentando ao p\u00fablico t\u00edtulos de autores novos e tamb\u00e9m independentes. Desde 2018, lan\u00e7ou dez livros, apresentando diversidade em seus t\u00edtulos, que v\u00e3o desde biografias, regionalistas, infantis, colet\u00e2neas e romances.","breadcrumb":{"@id":"https:\/\/libelulalivros.com.br\/#breadcrumb"},"inLanguage":"pt-BR","potentialAction":[{"@type":"ReadAction","target":["https:\/\/libelulalivros.com.br\/"]}]},{"@type":"ImageObject","inLanguage":"pt-BR","@id":"https:\/\/libelulalivros.com.br\/#primaryimage","url":"http:\/\/libelulalivros.com.br\/wp-content\/uploads\/2023\/09\/logolibelula.png","contentUrl":"http:\/\/libelulalivros.com.br\/wp-content\/uploads\/2023\/09\/logolibelula.png"},{"@type":"BreadcrumbList","@id":"https:\/\/libelulalivros.com.br\/#breadcrumb","itemListElement":[{"@type":"ListItem","position":1,"name":"In\u00edcio","item":"https:\/\/libelulalivros.com.br\/"},{"@type":"ListItem","position":2,"name":"Sobre a editora"}]},{"@type":"WebSite","@id":"https:\/\/libelulalivros.com.br\/#website","url":"https:\/\/libelulalivros.com.br\/","name":"Lib\u00e9lula Editora","description":"Editora independente sediada em Lajeado, RS.","publisher":{"@id":"https:\/\/libelulalivros.com.br\/#organization"},"potentialAction":[{"@type":"SearchAction","target":{"@type":"EntryPoint","urlTemplate":"https:\/\/libelulalivros.com.br\/?s={search_term_string}"},"query-input":{"@type":"PropertyValueSpecification","valueRequired":true,"valueName":"search_term_string"}}],"inLanguage":"pt-BR"},{"@type":"Organization","@id":"https:\/\/libelulalivros.com.br\/#organization","name":"Lib\u00e9lula Editora","url":"https:\/\/libelulalivros.com.br\/","logo":{"@type":"ImageObject","inLanguage":"pt-BR","@id":"https:\/\/libelulalivros.com.br\/#\/schema\/logo\/image\/","url":"https:\/\/libelulalivros.com.br\/wp-content\/uploads\/2023\/09\/logolibelula.png","contentUrl":"https:\/\/libelulalivros.com.br\/wp-content\/uploads\/2023\/09\/logolibelula.png","width":594,"height":410,"caption":"Lib\u00e9lula Editora"},"image":{"@id":"https:\/\/libelulalivros.com.br\/#\/schema\/logo\/image\/"},"sameAs":["https:\/\/www.facebook.com\/libelulaeditorial","https:\/\/www.instagram.com\/libelulalivros\/"]}]}},"_links":{"self":[{"href":"https:\/\/libelulalivros.com.br\/index.php?rest_route=\/wp\/v2\/pages\/10","targetHints":{"allow":["GET"]}}],"collection":[{"href":"https:\/\/libelulalivros.com.br\/index.php?rest_route=\/wp\/v2\/pages"}],"about":[{"href":"https:\/\/libelulalivros.com.br\/index.php?rest_route=\/wp\/v2\/types\/page"}],"author":[{"embeddable":true,"href":"https:\/\/libelulalivros.com.br\/index.php?rest_route=\/wp\/v2\/users\/1"}],"replies":[{"embeddable":true,"href":"https:\/\/libelulalivros.com.br\/index.php?rest_route=%2Fwp%2Fv2%2Fcomments&post=10"}],"version-history":[{"count":3,"href":"https:\/\/libelulalivros.com.br\/index.php?rest_route=\/wp\/v2\/pages\/10\/revisions"}],"predecessor-version":[{"id":20,"href":"https:\/\/libelulalivros.com.br\/index.php?rest_route=\/wp\/v2\/pages\/10\/revisions\/20"}],"wp:attachment":[{"href":"https:\/\/libelulalivros.com.br\/index.php?rest_route=%2Fwp%2Fv2%2Fmedia&parent=10"}],"curies":[{"name":"wp","href":"https:\/\/api.w.org\/{rel}","templated":true}]}}